{"id":41,"date":"2025-09-24T11:12:13","date_gmt":"2025-09-24T09:12:13","guid":{"rendered":"https:\/\/www.trashi.es\/?page_id=41"},"modified":"2025-10-13T16:29:32","modified_gmt":"2025-10-13T14:29:32","slug":"nosotros","status":"publish","type":"page","link":"https:\/\/www.trashi.es\/en\/nosotros\/","title":{"rendered":"About Us"},"content":{"rendered":"<div data-elementor-type=\"wp-page\" data-elementor-id=\"41\" class=\"elementor elementor-41\" data-elementor-post-type=\"page\">\n\t\t\t\t\t\t<section class=\"elementor-section elementor-top-section elementor-element elementor-element-60b14b03 elementor-section-height-min-height elementor-section-boxed elementor-section-height-default elementor-section-items-middle\" data-id=\"60b14b03\" data-element_type=\"section\" data-e-type=\"section\" data-settings=\"{&quot;background_background&quot;:&quot;classic&quot;}\">\n\t\t\t\t\t\t\t<div class=\"elementor-background-overlay\"><\/div>\n\t\t\t\t\t\t\t<div class=\"elementor-container elementor-column-gap-default\">\n\t\t\t\t\t<div class=\"elementor-column elementor-col-100 elementor-top-column elementor-element elementor-element-6342cb5b\" data-id=\"6342cb5b\" data-element_type=\"column\" data-e-type=\"column\">\n\t\t\t<div class=\"elementor-widget-wrap elementor-element-populated\">\n\t\t\t\t\t\t<div class=\"elementor-element elementor-element-5a76fa73 elementor-widget elementor-widget-heading\" data-id=\"5a76fa73\" data-element_type=\"widget\" data-e-type=\"widget\" data-widget_type=\"heading.default\">\n\t\t\t\t\t<h2 class=\"elementor-heading-title elementor-size-default\">Trashi<\/h2>\t\t\t\t<\/div>\n\t\t\t\t\t<\/div>\n\t\t<\/div>\n\t\t\t\t\t<\/div>\n\t\t<\/section>\n\t\t<div class=\"elementor-element elementor-element-3cb3928 e-flex e-con-boxed e-con e-parent\" data-id=\"3cb3928\" data-element_type=\"container\" data-e-type=\"container\" data-settings=\"{&quot;background_background&quot;:&quot;gradient&quot;}\">\n\t\t\t\t\t<div class=\"e-con-inner\">\n\t\t<div class=\"elementor-element elementor-element-b081162 animated-slow e-con-full e-flex elementor-invisible e-con e-child\" data-id=\"b081162\" data-element_type=\"container\" data-e-type=\"container\" data-settings=\"{&quot;animation&quot;:&quot;fadeInUp&quot;}\">\n\t\t\t\t<div class=\"elementor-element elementor-element-7cfcee6 elementor-widget elementor-widget-heading\" data-id=\"7cfcee6\" data-element_type=\"widget\" data-e-type=\"widget\" data-widget_type=\"heading.default\">\n\t\t\t\t\t<h4 class=\"elementor-heading-title elementor-size-default\">This is us<\/h4>\t\t\t\t<\/div>\n\t\t\t\t<div class=\"elementor-element elementor-element-bc47e8e elementor-widget-divider--view-line elementor-widget elementor-widget-divider\" data-id=\"bc47e8e\" data-element_type=\"widget\" data-e-type=\"widget\" data-widget_type=\"divider.default\">\n\t\t\t\t\t\t\t<div class=\"elementor-divider\">\n\t\t\t<span class=\"elementor-divider-separator\">\n\t\t\t\t\t\t<\/span>\n\t\t<\/div>\n\t\t\t\t\t\t<\/div>\n\t\t\t\t<div class=\"elementor-element elementor-element-83cea08 elementor-widget elementor-widget-heading\" data-id=\"83cea08\" data-element_type=\"widget\" data-e-type=\"widget\" data-widget_type=\"heading.default\">\n\t\t\t\t\t<h2 class=\"elementor-heading-title elementor-size-default\">We make noise because something inside is asking to come out.<\/h2>\t\t\t\t<\/div>\n\t\t\t\t<div class=\"elementor-element elementor-element-d7c313d elementor-widget elementor-widget-text-editor\" data-id=\"d7c313d\" data-element_type=\"widget\" data-e-type=\"widget\" data-widget_type=\"text-editor.default\">\n\t\t\t\t\t\t\t\t\t<p>No nacimos en un estudio brillante ni con un plan maestro. Nacimos de amigos, de tardes raras, de querer hacer canciones porque a veces hablar no basta.<br \/>Nos llamamos TRASHI y hacemos pop con cicatrices, con risas fuera de lugar y con m\u00e1s emoci\u00f3n de la que seguramente deber\u00edamos admitir.<\/p><p>Entre ensayos improvisados, notas de voz a las 3 AM y demasiadas referencias guardadas en playlists, encontramos lo nuestro:<br \/>convertir lo cotidiano en algo que suene grande, aunque venga de un lugar peque\u00f1o.<\/p><p>No venimos a salvarte \u2014 solo a acompa\u00f1arte mientras todo arde un poco y suena un estribillo de fondo.<\/p>\t\t\t\t\t\t\t\t<\/div>\n\t\t\t\t<\/div>\n\t\t<div class=\"elementor-element elementor-element-6e6b0f7 e-con-full e-flex e-con e-child\" data-id=\"6e6b0f7\" data-element_type=\"container\" data-e-type=\"container\">\n\t\t\t\t<div class=\"elementor-element elementor-element-cda85ad elementor-invisible elementor-widget elementor-widget-image\" data-id=\"cda85ad\" data-element_type=\"widget\" data-e-type=\"widget\" data-settings=\"{&quot;_animation&quot;:&quot;swing&quot;}\" data-widget_type=\"image.default\">\n\t\t\t\t\t\t\t\t\t\t\t\t\t\t\t<img fetchpriority=\"high\" decoding=\"async\" width=\"600\" height=\"600\" src=\"https:\/\/www.trashi.es\/wp-content\/uploads\/2025\/10\/cassette.webp\" class=\"attachment-full size-full wp-image-152\" alt=\"\" srcset=\"https:\/\/www.trashi.es\/wp-content\/uploads\/2025\/10\/cassette.webp 600w, https:\/\/www.trashi.es\/wp-content\/uploads\/2025\/10\/cassette-300x300.webp 300w, https:\/\/www.trashi.es\/wp-content\/uploads\/2025\/10\/cassette-150x150.webp 150w\" sizes=\"(max-width: 600px) 100vw, 600px\" \/>\t\t\t\t\t\t\t\t\t\t\t\t\t\t\t<\/div>\n\t\t\t\t<\/div>\n\t\t\t\t\t<\/div>\n\t\t\t\t<\/div>\n\t\t<div class=\"elementor-element elementor-element-1c0882b e-flex e-con-boxed e-con e-parent\" data-id=\"1c0882b\" data-element_type=\"container\" data-e-type=\"container\" data-settings=\"{&quot;background_background&quot;:&quot;classic&quot;}\">\n\t\t\t\t\t<div class=\"e-con-inner\">\n\t\t<div class=\"elementor-element elementor-element-c9aa75e animated-slow e-con-full e-flex elementor-invisible e-con e-child\" data-id=\"c9aa75e\" data-element_type=\"container\" data-e-type=\"container\" data-settings=\"{&quot;animation&quot;:&quot;fadeInLeft&quot;}\">\n\t\t\t\t<div class=\"elementor-element elementor-element-9b69949 elementor-widget elementor-widget-heading\" data-id=\"9b69949\" data-element_type=\"widget\" data-e-type=\"widget\" data-widget_type=\"heading.default\">\n\t\t\t\t\t<h5 class=\"elementor-heading-title elementor-size-default\">This is TRASHI<\/h5>\t\t\t\t<\/div>\n\t\t\t\t<div class=\"elementor-element elementor-element-97046b8 elementor-widget-divider--view-line elementor-widget elementor-widget-divider\" data-id=\"97046b8\" data-element_type=\"widget\" data-e-type=\"widget\" data-widget_type=\"divider.default\">\n\t\t\t\t\t\t\t<div class=\"elementor-divider\">\n\t\t\t<span class=\"elementor-divider-separator\">\n\t\t\t\t\t\t<\/span>\n\t\t<\/div>\n\t\t\t\t\t\t<\/div>\n\t\t\t\t<div class=\"elementor-element elementor-element-db235fa elementor-widget elementor-widget-heading\" data-id=\"db235fa\" data-element_type=\"widget\" data-e-type=\"widget\" data-widget_type=\"heading.default\">\n\t\t\t\t\t<h2 class=\"elementor-heading-title elementor-size-default\">Behind each song, someone feeling something<\/h2>\t\t\t\t<\/div>\n\t\t\t\t<div class=\"elementor-element elementor-element-362d3cf elementor-widget elementor-widget-text-editor\" data-id=\"362d3cf\" data-element_type=\"widget\" data-e-type=\"widget\" data-widget_type=\"text-editor.default\">\n\t\t\t\t\t\t\t\t\tThere are No filters conceptual or characters. Just us, just as we are, making noise together.\t\t\t\t\t\t\t\t<\/div>\n\t\t\t\t<\/div>\n\t\t<div class=\"elementor-element elementor-element-e4a2ce1 e-con-full e-grid e-con e-child\" data-id=\"e4a2ce1\" data-element_type=\"container\" data-e-type=\"container\">\n\t\t\t\t<\/div>\n\t\t\t\t\t<\/div>\n\t\t\t\t<\/div>\n\t\t\t\t<\/div>","protected":false},"excerpt":{"rendered":"<p>Trashi Esto va de nosotros Hacemos ruido porque algo adentro pide salir. No nacimos en un estudio brillante ni con un plan maestro. Nacimos de amigos, de tardes raras, de querer hacer canciones porque a veces hablar no basta.Nos llamamos TRASHI y hacemos pop con cicatrices, con risas fuera de lugar y con m\u00e1s emoci\u00f3n [&hellip;]<\/p>","protected":false},"author":1,"featured_media":0,"parent":0,"menu_order":0,"comment_status":"closed","ping_status":"closed","template":"elementor_header_footer","meta":{"inline_featured_image":false,"footnotes":""},"class_list":["post-41","page","type-page","status-publish","hentry"],"_links":{"self":[{"href":"https:\/\/www.trashi.es\/en\/wp-json\/wp\/v2\/pages\/41","targetHints":{"allow":["GET"]}}],"collection":[{"href":"https:\/\/www.trashi.es\/en\/wp-json\/wp\/v2\/pages"}],"about":[{"href":"https:\/\/www.trashi.es\/en\/wp-json\/wp\/v2\/types\/page"}],"author":[{"embeddable":true,"href":"https:\/\/www.trashi.es\/en\/wp-json\/wp\/v2\/users\/1"}],"replies":[{"embeddable":true,"href":"https:\/\/www.trashi.es\/en\/wp-json\/wp\/v2\/comments?post=41"}],"version-history":[{"count":16,"href":"https:\/\/www.trashi.es\/en\/wp-json\/wp\/v2\/pages\/41\/revisions"}],"predecessor-version":[{"id":248,"href":"https:\/\/www.trashi.es\/en\/wp-json\/wp\/v2\/pages\/41\/revisions\/248"}],"wp:attachment":[{"href":"https:\/\/www.trashi.es\/en\/wp-json\/wp\/v2\/media?parent=41"}],"curies":[{"name":"wp","href":"https:\/\/api.w.org\/{rel}","templated":true}]}}